{"id":3133,"date":"2022-03-18T10:04:02","date_gmt":"2022-03-18T10:04:02","guid":{"rendered":"https:\/\/www.mdi-consulting.com\/offene-positionen\/"},"modified":"2022-03-18T10:04:02","modified_gmt":"2022-03-18T10:04:02","slug":"offene-positionen","status":"publish","type":"page","link":"https:\/\/www.mdi-consulting.com\/en\/offene-positionen\/","title":{"rendered":"Jobs"},"content":{"rendered":"\n\n\n\n\n\n\n\n\n\n\n\n\n\n\n\n\n\n\n\n\n\n\n\n\n\n\n\n\n\n\n\n                                                                        <div class=\"ce ce-joblist\n         ce--mb-small                          text-left\"\n     id=\"block_62345b79cc98e\">\n        <div class=\"ce-joblist__list\">\n        <div class=\"container-fluid\">\n                        <div class=\"row\">\n                <div class=\"col-12\">\n                    <h5 class=\"ce-joblist__heading\">\n                        2 offene Positionen\n                    <\/h5>\n                <\/div>\n                                    <div class=\"col-12\">\n                        <a href=\"https:\/\/www.mdi-consulting.com\/en\/jobs\/frontend-developer-m-w-d\/\" class=\"ce ce-joblist__item \" data-animation=\"true\" data-duration=\"300\">\n    <div class=\"ce-joblist__item__container\">\n        <h5 class=\"ce-joblist__item__title\">\n            Frontend Developer m\/w\/d\n        <\/h5>\n        <p class=\"ce-joblist__item__subline\">Leistungsstarkes Unternehmen in Wien und Linz<\/p>\n        <p class=\"ce-joblist__item__description\">\n            Zur Verst\u00e4rkung des Teams und um das starke Wachstum des Unternehmens bew\u00e4ltigen zu k\u00f6nnen, suchen wir engagierte Mitarbeiter\/innen mit Erfahrung in der perfekten Umsetzung von UI\/UX Designs in enger Abstimmung mit UI\/UX Designern und dem Backend Development.\n        <\/p>\n        <ul class=\"ce-joblist__item__tags\">\n                            <li class=\"ce-joblist__item__tag\">\n                    <i class=\"fas fa-map-marker-alt ce-joblist__item__tag-icon\"><\/i>\u00d6sterreich\n                <\/li>\n                                        <li class=\"ce-joblist__item__tag\">\n                    <i class=\"fas fa-clock ce-joblist__item__tag-icon\"><\/i>Vollzeit\n                <\/li>\n                    <\/ul>\n    <\/div>\n    <div class=\"ce-joblist__item__arrow-container\">\n        <i class=\"fas fa-angle-right ce-joblist__item__arrow\"><\/i>\n    <\/div>\n<\/a>\n\n\n                    <\/div>\n                                                     <div class=\"col-12\">\n                        <a href=\"\/initiativbewerbung\/\" class=\"ce ce-joblist__item ce-joblist__item--active\" data-animation=\"true\" data-duration=\"300\">\n    <div class=\"ce-joblist__item__container\">\n        <h5 class=\"ce-joblist__item__title\">\n            Initiativbewerbung!\n        <\/h5>\n        <p class=\"ce-joblist__item__subline\"><\/p>\n        <p class=\"ce-joblist__item__description\">\n            Bewerben Sie sich jetzt!\n        <\/p>\n        <ul class=\"ce-joblist__item__tags\">\n                                <\/ul>\n    <\/div>\n    <div class=\"ce-joblist__item__arrow-container\">\n        <i class=\"fas fa-angle-right ce-joblist__item__arrow\"><\/i>\n    <\/div>\n<\/a>\n\n\n                    <\/div>\n                                             <\/div>\n        <\/div>\n    <\/div>\n<\/div>\n                        <div class=\"row\">\n            <div class=\"col-12\">\n                <nav class=\"pagination d-flex align-items-center justify-content-center\">\n                                                                                                                                <\/nav>\n            <\/div>\n        <\/div>\n                    \n    \n","protected":false},"excerpt":{"rendered":"","protected":false},"author":1,"featured_media":0,"parent":0,"menu_order":0,"comment_status":"closed","ping_status":"closed","template":"","meta":{"inline_featured_image":false},"acf":[],"yoast_head":"<!-- This site is optimized with the Yoast SEO plugin v18.5.1 - https:\/\/yoast.com\/wordpress\/plugins\/seo\/ -->\n<title>Jobs - MDI Consulting GmbH<\/title>\n<meta name=\"robots\" content=\"index, follow, max-snippet:-1, max-image-preview:large, max-video-preview:-1\" \/>\n<link rel=\"canonical\" href=\"https:\/\/www.mdi-consulting.com\/en\/offene-positionen\/\" \/>\n<meta property=\"og:locale\" content=\"en_US\" \/>\n<meta property=\"og:type\" content=\"article\" \/>\n<meta property=\"og:title\" content=\"Jobs - MDI Consulting GmbH\" \/>\n<meta property=\"og:url\" content=\"https:\/\/www.mdi-consulting.com\/en\/offene-positionen\/\" \/>\n<meta property=\"og:site_name\" content=\"MDI Consulting GmbH\" \/>\n<meta name=\"twitter:card\" content=\"summary_large_image\" \/>\n<script type=\"application\/ld+json\" class=\"yoast-schema-graph\">{\"@context\":\"https:\/\/schema.org\",\"@graph\":[{\"@type\":\"WebSite\",\"@id\":\"https:\/\/www.mdi-consulting.com\/#website\",\"url\":\"https:\/\/www.mdi-consulting.com\/\",\"name\":\"MDI Consulting GmbH\",\"description\":\"Grow your Business with our Corporate HR Solutions\",\"potentialAction\":[{\"@type\":\"SearchAction\",\"target\":{\"@type\":\"EntryPoint\",\"urlTemplate\":\"https:\/\/www.mdi-consulting.com\/?s={search_term_string}\"},\"query-input\":\"required name=search_term_string\"}],\"inLanguage\":\"en-US\"},{\"@type\":\"WebPage\",\"@id\":\"https:\/\/www.mdi-consulting.com\/en\/offene-positionen\/#webpage\",\"url\":\"https:\/\/www.mdi-consulting.com\/en\/offene-positionen\/\",\"name\":\"Jobs - MDI Consulting GmbH\",\"isPartOf\":{\"@id\":\"https:\/\/www.mdi-consulting.com\/#website\"},\"datePublished\":\"2022-03-18T10:04:02+00:00\",\"dateModified\":\"2022-03-18T10:04:02+00:00\",\"breadcrumb\":{\"@id\":\"https:\/\/www.mdi-consulting.com\/en\/offene-positionen\/#breadcrumb\"},\"inLanguage\":\"en-US\",\"potentialAction\":[{\"@type\":\"ReadAction\",\"target\":[\"https:\/\/www.mdi-consulting.com\/en\/offene-positionen\/\"]}]},{\"@type\":\"BreadcrumbList\",\"@id\":\"https:\/\/www.mdi-consulting.com\/en\/offene-positionen\/#breadcrumb\",\"itemListElement\":[{\"@type\":\"ListItem\",\"position\":1,\"name\":\"Startseite\",\"item\":\"https:\/\/www.mdi-consulting.com\/en\/\"},{\"@type\":\"ListItem\",\"position\":2,\"name\":\"Jobs\"}]}]}<\/script>\n<!-- \/ Yoast SEO plugin. -->","yoast_head_json":{"title":"Jobs - MDI Consulting GmbH","robots":{"index":"index","follow":"follow","max-snippet":"max-snippet:-1","max-image-preview":"max-image-preview:large","max-video-preview":"max-video-preview:-1"},"canonical":"https:\/\/www.mdi-consulting.com\/en\/offene-positionen\/","og_locale":"en_US","og_type":"article","og_title":"Jobs - MDI Consulting GmbH","og_url":"https:\/\/www.mdi-consulting.com\/en\/offene-positionen\/","og_site_name":"MDI Consulting GmbH","twitter_card":"summary_large_image","schema":{"@context":"https:\/\/schema.org","@graph":[{"@type":"WebSite","@id":"https:\/\/www.mdi-consulting.com\/#website","url":"https:\/\/www.mdi-consulting.com\/","name":"MDI Consulting GmbH","description":"Grow your Business with our Corporate HR Solutions","potentialAction":[{"@type":"SearchAction","target":{"@type":"EntryPoint","urlTemplate":"https:\/\/www.mdi-consulting.com\/?s={search_term_string}"},"query-input":"required name=search_term_string"}],"inLanguage":"en-US"},{"@type":"WebPage","@id":"https:\/\/www.mdi-consulting.com\/en\/offene-positionen\/#webpage","url":"https:\/\/www.mdi-consulting.com\/en\/offene-positionen\/","name":"Jobs - MDI Consulting GmbH","isPartOf":{"@id":"https:\/\/www.mdi-consulting.com\/#website"},"datePublished":"2022-03-18T10:04:02+00:00","dateModified":"2022-03-18T10:04:02+00:00","breadcrumb":{"@id":"https:\/\/www.mdi-consulting.com\/en\/offene-positionen\/#breadcrumb"},"inLanguage":"en-US","potentialAction":[{"@type":"ReadAction","target":["https:\/\/www.mdi-consulting.com\/en\/offene-positionen\/"]}]},{"@type":"BreadcrumbList","@id":"https:\/\/www.mdi-consulting.com\/en\/offene-positionen\/#breadcrumb","itemListElement":[{"@type":"ListItem","position":1,"name":"Startseite","item":"https:\/\/www.mdi-consulting.com\/en\/"},{"@type":"ListItem","position":2,"name":"Jobs"}]}]}},"_links":{"self":[{"href":"https:\/\/www.mdi-consulting.com\/en\/wp-json\/wp\/v2\/pages\/3133"}],"collection":[{"href":"https:\/\/www.mdi-consulting.com\/en\/wp-json\/wp\/v2\/pages"}],"about":[{"href":"https:\/\/www.mdi-consulting.com\/en\/wp-json\/wp\/v2\/types\/page"}],"author":[{"embeddable":true,"href":"https:\/\/www.mdi-consulting.com\/en\/wp-json\/wp\/v2\/users\/1"}],"replies":[{"embeddable":true,"href":"https:\/\/www.mdi-consulting.com\/en\/wp-json\/wp\/v2\/comments?post=3133"}],"version-history":[{"count":0,"href":"https:\/\/www.mdi-consulting.com\/en\/wp-json\/wp\/v2\/pages\/3133\/revisions"}],"wp:attachment":[{"href":"https:\/\/www.mdi-consulting.com\/en\/wp-json\/wp\/v2\/media?parent=3133"}],"curies":[{"name":"wp","href":"https:\/\/api.w.org\/{rel}","templated":true}]}}